{"id":595,"date":"2025-01-22T16:24:00","date_gmt":"2025-01-22T15:24:00","guid":{"rendered":"https:\/\/mochlar.brandtec-digital.de\/?page_id=595"},"modified":"2025-12-15T11:36:03","modified_gmt":"2025-12-15T10:36:03","slug":"impressum","status":"publish","type":"page","link":"https:\/\/mochlar-consulting.com\/de\/impressum\/","title":{"rendered":"Impressum"},"content":{"rendered":"<p>[et_pb_section fb_built=&#8220;1&#8243; admin_label=&#8220;services&#8220; module_id=&#8220;Text&#8220; module_class=&#8220;no-bg&#8220; _builder_version=&#8220;4.27.4&#8243; _module_preset=&#8220;default&#8220; global_colors_info=&#8220;{}&#8220;][et_pb_row _builder_version=&#8220;4.27.4&#8243; _module_preset=&#8220;default&#8220; global_colors_info=&#8220;{}&#8220;][et_pb_column type=&#8220;4_4&#8243; _builder_version=&#8220;4.27.4&#8243; _module_preset=&#8220;default&#8220; global_colors_info=&#8220;{}&#8220;][et_pb_text _builder_version=&#8220;4.27.4&#8243; _module_preset=&#8220;default&#8220; hover_enabled=&#8220;0&#8243; global_colors_info=&#8220;{}&#8220; sticky_enabled=&#8220;0&#8243;]<\/p>\n<h1>Impressum<\/h1>\n<p><strong>\u00a0<\/strong><\/p>\n<p>Orsolya Mochlar<br \/>\nPersonalberaterin, Global Mobility Beraterin<br \/>\nDarmst\u00e4dter Landstrasse 123<br \/>\n60598 Frankfurt<\/p>\n<p>&nbsp;<\/p>\n<h2>Kontakt<\/h2>\n<p>Telefon: +49 1577 6935609<br \/>\nE-Mail: <a href=\"mailto:orsolya@mochlar-consulting.com\">orsolya@mochlar-consulting.com<\/a><\/p>\n<p>&nbsp;<\/p>\n<h2>Umsatzsteuer-ID<\/h2>\n<p>Umsatzsteuer-Identifikationsnummer gem\u00e4\u00df \u00a7 27 a Umsatzsteuergesetz:<br \/>\nDE367462676<\/p>\n<p>&nbsp;<\/p>\n<h2>Angaben zur Berufshaftpflichtversicherung<\/h2>\n<h3>Name und Sitz des Versicherers:<\/h3>\n<p>R+V Allgemeine Versicherung AG<br \/>\nTaunusstr. 1<br \/>\n65193 Wiesbaden<\/p>\n<p>&nbsp;<\/p>\n<h2>Verbraucherstreitbeilegung\/Universalschlichtungsstelle<\/h2>\n<p>Wir sind nicht bereit oder verpflichtet, an Streitbeilegungsverfahren vor einer Verbraucherschlichtungsstelle teilzunehmen.<\/p>\n<p>&nbsp;<\/p>\n<p>Quelle: <a href=\"https:\/\/www.e-recht24.de\">eRecht24<\/a><\/p>\n<p>&nbsp;<\/p>\n<h2>Web-Design und Programmierung<\/h2>\n<p>brandtec GmbH<br \/>\n<a href=\"https:\/\/www.brandtec.de\" target=\"_blank\">www.brandtec.de<\/a><\/p>\n<p>[\/et_pb_text][\/et_pb_column][\/et_pb_row][\/et_pb_section][et_pb_section fb_built=&#8220;1&#8243; fullwidth=&#8220;on&#8220; _builder_version=&#8220;4.27.4&#8243; _module_preset=&#8220;default&#8220; global_colors_info=&#8220;{}&#8220;][et_pb_fullwidth_image src=&#8220;https:\/\/mochlar-consulting.com\/wp-content\/uploads\/2025\/01\/hero-img-footer-1.png&#8220; title_text=&#8220;hero-img-footer&#8220; _builder_version=&#8220;4.27.4&#8243; _module_preset=&#8220;default&#8220; global_colors_info=&#8220;{}&#8220;][\/et_pb_fullwidth_image][\/et_pb_section][et_pb_section fb_built=&#8220;1&#8243; admin_label=&#8220;footer&#8220; module_id=&#8220;footer&#8220; _builder_version=&#8220;4.27.4&#8243; _module_preset=&#8220;default&#8220; global_module=&#8220;581&#8243; saved_tabs=&#8220;all&#8220; global_colors_info=&#8220;{}&#8220;][et_pb_row column_structure=&#8220;1_6,1_6,1_6,1_6,1_6,1_6&#8243; _builder_version=&#8220;4.27.4&#8243; _module_preset=&#8220;default&#8220; global_colors_info=&#8220;{}&#8220;][et_pb_column type=&#8220;1_6&#8243; _builder_version=&#8220;4.27.4&#8243; _module_preset=&#8220;default&#8220; global_colors_info=&#8220;{}&#8220;][et_pb_image src=&#8220;https:\/\/mochlar-consulting.com\/wp-content\/uploads\/2025\/01\/mochlar.png&#8220; title_text=&#8220;mochlar&#8220; admin_label=&#8220;Portrait&#8220; _builder_version=&#8220;4.27.4&#8243; _module_preset=&#8220;default&#8220; global_colors_info=&#8220;{}&#8220;][\/et_pb_image][et_pb_image src=&#8220;https:\/\/mochlar-consulting.com\/wp-content\/uploads\/2025\/01\/Logo-header.png&#8220; title_text=&#8220;Logo-header&#8220; url=&#8220;@ET-DC@eyJkeW5hbWljIjp0cnVlLCJjb250ZW50IjoiaG9tZV91cmwiLCJzZXR0aW5ncyI6e319@&#8220; admin_label=&#8220;Logo Text&#8220; _builder_version=&#8220;4.27.4&#8243; _dynamic_attributes=&#8220;url&#8220; _module_preset=&#8220;default&#8220; global_colors_info=&#8220;{}&#8220;][\/et_pb_image][et_pb_text admin_label=&#8220;Orsolya Mochlar&#8220; _builder_version=&#8220;4.27.4&#8243; _module_preset=&#8220;default&#8220; global_colors_info=&#8220;{}&#8220;]<\/p>\n<p>Orsolya Mochlar<br \/>Senior Beraterin f\u00fcr Globale Mobilit\u00e4t<br \/>Creating Talent Mobility<\/p>\n<p>[\/et_pb_text][\/et_pb_column][et_pb_column type=&#8220;1_6&#8243; _builder_version=&#8220;4.27.4&#8243; _module_preset=&#8220;default&#8220; global_colors_info=&#8220;{}&#8220;][et_pb_text admin_label=&#8220;Dienstleistungen&#8220; _builder_version=&#8220;4.27.4&#8243; _module_preset=&#8220;default&#8220; link_option_url=&#8220;\/de\/#services&#8220; global_colors_info=&#8220;{}&#8220;]<\/p>\n<p><a href=\"\/de\/#services\"><strong>Dienstleistungen<\/strong><\/a><\/p>\n<p>Globale Mobilit\u00e4tsberatung<\/p>\n<p>Schl\u00fcssel-Mobilit\u00e4tsl\u00f6sungen<\/p>\n<p>Interim-Management<\/p>\n<p>[\/et_pb_text][\/et_pb_column][et_pb_column type=&#8220;1_6&#8243; _builder_version=&#8220;4.27.4&#8243; _module_preset=&#8220;default&#8220; global_colors_info=&#8220;{}&#8220;][et_pb_text admin_label=&#8220;Vorteile&#8220; _builder_version=&#8220;4.27.4&#8243; _module_preset=&#8220;default&#8220; link_option_url=&#8220;\/de\/#benefits&#8220; global_colors_info=&#8220;{}&#8220;]<\/p>\n<p><a href=\"\/de\/#benefits\"><strong>Vorteile<\/strong><\/a><\/p>\n<p>Strategisch<\/p>\n<p>Ganzheitlich<\/p>\n<p>End-to-End-Ansatz<\/p>\n<p>Ma\u00dfgeschneiderte L\u00f6sungen<\/p>\n<p>Business-<br \/>&amp; Nutzerorientiert<\/p>\n<p>Stakeholder-Management<\/p>\n<p>Fachwissen, Engagement,<br \/>Proaktivit\u00e4t<\/p>\n<p>[\/et_pb_text][\/et_pb_column][et_pb_column type=&#8220;1_6&#8243; _builder_version=&#8220;4.27.4&#8243; _module_preset=&#8220;default&#8220; global_colors_info=&#8220;{}&#8220;][et_pb_text admin_label=&#8220;\u00dcber Mich und Links&#8220; _builder_version=&#8220;4.27.4&#8243; _module_preset=&#8220;default&#8220; global_colors_info=&#8220;{}&#8220;]<\/p>\n<p><a href=\"\/de\/#about-me\"><strong>\u00dcber Mich<\/strong><\/a><\/p>\n<p>&nbsp;<\/p>\n<p><strong>Links<\/strong><\/p>\n<p><a href=\"\/de\/impressum\/\">Impressum<\/a><\/p>\n<p><a href=\"\/de\/datenschutzerklaerung\/\">Datenschutz<\/a><\/p>\n<p>&nbsp;<\/p>\n<p>[\/et_pb_text][\/et_pb_column][et_pb_column type=&#8220;1_6&#8243; _builder_version=&#8220;4.27.4&#8243; _module_preset=&#8220;default&#8220; global_colors_info=&#8220;{}&#8220;][et_pb_text admin_label=&#8220;Kontakt&#8220; _builder_version=&#8220;4.27.4&#8243; _module_preset=&#8220;default&#8220; global_colors_info=&#8220;{}&#8220;]<\/p>\n<p><a href=\"#contact\"><strong>Kontakt<\/strong><\/a><\/p>\n<p><a class=\"in\" href=\"https:\/\/www.linkedin.com\/in\/orsolyamochlar\/\">@Orsolya Mochlar<\/a><\/p>\n<p><a class=\"mail\" href=\"mailto:orsolya@mochlar-consulting.com\">orsolya@mochlar-consulting.com<\/a><\/p>\n<p><a class=\"tel\" href=\"tel:+49 157 76935609\">+49 157 76935609<\/a><\/p>\n<p>[\/et_pb_text][\/et_pb_column][et_pb_column type=&#8220;1_6&#8243; _builder_version=&#8220;4.27.4&#8243; _module_preset=&#8220;default&#8220; global_colors_info=&#8220;{}&#8220;][et_pb_image src=&#8220;https:\/\/mochlar-consulting.com\/wp-content\/uploads\/2025\/01\/mochlar-icon-color.png&#8220; title_text=&#8220;mochlar-icon-color&#8220; admin_label=&#8220;Logo m&#8220; _builder_version=&#8220;4.27.4&#8243; _module_preset=&#8220;default&#8220; global_colors_info=&#8220;{}&#8220;][\/et_pb_image][\/et_pb_column][\/et_pb_row][\/et_pb_section]<\/p>\n","protected":false},"excerpt":{"rendered":"<p>Impressum \u00a0 Orsolya Mochlar Personalberaterin, Global Mobility Beraterin Darmst\u00e4dter Landstrasse 123 60598 Frankfurt &nbsp; Kontakt Telefon: +49 1577 6935609 E-Mail: orsolya@mochlar-consulting.com &nbsp; Umsatzsteuer-ID Umsatzsteuer-Identifikationsnummer gem\u00e4\u00df \u00a7 27 a Umsatzsteuergesetz: DE367462676 &nbsp; Angaben zur Berufshaftpflichtversicherung Name und Sitz des Versicherers: R+V Allgemeine Versicherung AG Taunusstr. 1 65193 Wiesbaden &nbsp; Verbraucherstreitbeilegung\/Universalschlichtungsstelle Wir sind nicht bereit oder verpflichtet, [&hellip;]<\/p>\n","protected":false},"author":1,"featured_media":0,"parent":0,"menu_order":0,"comment_status":"closed","ping_status":"closed","template":"","meta":{"_et_pb_use_builder":"on","_et_pb_old_content":"","_et_gb_content_width":"","footnotes":""},"class_list":["post-595","page","type-page","status-publish","hentry"],"yoast_head":"<!-- This site is optimized with the Yoast SEO plugin v24.4 - https:\/\/yoast.com\/wordpress\/plugins\/seo\/ -->\n<title>Impressum - mochlar consulting<\/title>\n<meta name=\"robots\" content=\"index, follow, max-snippet:-1, max-image-preview:large, max-video-preview:-1\" \/>\n<link rel=\"canonical\" href=\"https:\/\/mochlar-consulting.com\/de\/impressum\/\" \/>\n<meta property=\"og:locale\" content=\"de_DE\" \/>\n<meta property=\"og:type\" content=\"article\" \/>\n<meta property=\"og:title\" content=\"Impressum - mochlar consulting\" \/>\n<meta property=\"og:description\" content=\"Impressum \u00a0 Orsolya Mochlar Personalberaterin, Global Mobility Beraterin Darmst\u00e4dter Landstrasse 123 60598 Frankfurt &nbsp; Kontakt Telefon: +49 1577 6935609 E-Mail: orsolya@mochlar-consulting.com &nbsp; Umsatzsteuer-ID Umsatzsteuer-Identifikationsnummer gem\u00e4\u00df \u00a7 27 a Umsatzsteuergesetz: DE367462676 &nbsp; Angaben zur Berufshaftpflichtversicherung Name und Sitz des Versicherers: R+V Allgemeine Versicherung AG Taunusstr. 1 65193 Wiesbaden &nbsp; Verbraucherstreitbeilegung\/Universalschlichtungsstelle Wir sind nicht bereit oder verpflichtet, [&hellip;]\" \/>\n<meta property=\"og:url\" content=\"https:\/\/mochlar-consulting.com\/de\/impressum\/\" \/>\n<meta property=\"og:site_name\" content=\"mochlar consulting\" \/>\n<meta property=\"article:modified_time\" content=\"2025-12-15T10:36:03+00:00\" \/>\n<meta name=\"twitter:card\" content=\"summary_large_image\" \/>\n<meta name=\"twitter:label1\" content=\"Gesch\u00e4tzte Lesezeit\" \/>\n\t<meta name=\"twitter:data1\" content=\"2\u00a0Minuten\" \/>\n<script type=\"application\/ld+json\" class=\"yoast-schema-graph\">{\"@context\":\"https:\/\/schema.org\",\"@graph\":[{\"@type\":\"WebPage\",\"@id\":\"https:\/\/mochlar-consulting.com\/de\/impressum\/\",\"url\":\"https:\/\/mochlar-consulting.com\/de\/impressum\/\",\"name\":\"Impressum - mochlar consulting\",\"isPartOf\":{\"@id\":\"https:\/\/mochlar-consulting.com\/de\/#website\"},\"datePublished\":\"2025-01-22T15:24:00+00:00\",\"dateModified\":\"2025-12-15T10:36:03+00:00\",\"breadcrumb\":{\"@id\":\"https:\/\/mochlar-consulting.com\/de\/impressum\/#breadcrumb\"},\"inLanguage\":\"de\",\"potentialAction\":[{\"@type\":\"ReadAction\",\"target\":[\"https:\/\/mochlar-consulting.com\/de\/impressum\/\"]}]},{\"@type\":\"BreadcrumbList\",\"@id\":\"https:\/\/mochlar-consulting.com\/de\/impressum\/#breadcrumb\",\"itemListElement\":[{\"@type\":\"ListItem\",\"position\":1,\"name\":\"Startseite\",\"item\":\"https:\/\/mochlar-consulting.com\/de\/\"},{\"@type\":\"ListItem\",\"position\":2,\"name\":\"Impressum\"}]},{\"@type\":\"WebSite\",\"@id\":\"https:\/\/mochlar-consulting.com\/de\/#website\",\"url\":\"https:\/\/mochlar-consulting.com\/de\/\",\"name\":\"mochlar consulting\",\"description\":\"\",\"potentialAction\":[{\"@type\":\"SearchAction\",\"target\":{\"@type\":\"EntryPoint\",\"urlTemplate\":\"https:\/\/mochlar-consulting.com\/de\/?s={search_term_string}\"},\"query-input\":{\"@type\":\"PropertyValueSpecification\",\"valueRequired\":true,\"valueName\":\"search_term_string\"}}],\"inLanguage\":\"de\"}]}<\/script>\n<!-- \/ Yoast SEO plugin. -->","yoast_head_json":{"title":"Impressum - mochlar consulting","robots":{"index":"index","follow":"follow","max-snippet":"max-snippet:-1","max-image-preview":"max-image-preview:large","max-video-preview":"max-video-preview:-1"},"canonical":"https:\/\/mochlar-consulting.com\/de\/impressum\/","og_locale":"de_DE","og_type":"article","og_title":"Impressum - mochlar consulting","og_description":"Impressum \u00a0 Orsolya Mochlar Personalberaterin, Global Mobility Beraterin Darmst\u00e4dter Landstrasse 123 60598 Frankfurt &nbsp; Kontakt Telefon: +49 1577 6935609 E-Mail: orsolya@mochlar-consulting.com &nbsp; Umsatzsteuer-ID Umsatzsteuer-Identifikationsnummer gem\u00e4\u00df \u00a7 27 a Umsatzsteuergesetz: DE367462676 &nbsp; Angaben zur Berufshaftpflichtversicherung Name und Sitz des Versicherers: R+V Allgemeine Versicherung AG Taunusstr. 1 65193 Wiesbaden &nbsp; Verbraucherstreitbeilegung\/Universalschlichtungsstelle Wir sind nicht bereit oder verpflichtet, [&hellip;]","og_url":"https:\/\/mochlar-consulting.com\/de\/impressum\/","og_site_name":"mochlar consulting","article_modified_time":"2025-12-15T10:36:03+00:00","twitter_card":"summary_large_image","twitter_misc":{"Gesch\u00e4tzte Lesezeit":"2\u00a0Minuten"},"schema":{"@context":"https:\/\/schema.org","@graph":[{"@type":"WebPage","@id":"https:\/\/mochlar-consulting.com\/de\/impressum\/","url":"https:\/\/mochlar-consulting.com\/de\/impressum\/","name":"Impressum - mochlar consulting","isPartOf":{"@id":"https:\/\/mochlar-consulting.com\/de\/#website"},"datePublished":"2025-01-22T15:24:00+00:00","dateModified":"2025-12-15T10:36:03+00:00","breadcrumb":{"@id":"https:\/\/mochlar-consulting.com\/de\/impressum\/#breadcrumb"},"inLanguage":"de","potentialAction":[{"@type":"ReadAction","target":["https:\/\/mochlar-consulting.com\/de\/impressum\/"]}]},{"@type":"BreadcrumbList","@id":"https:\/\/mochlar-consulting.com\/de\/impressum\/#breadcrumb","itemListElement":[{"@type":"ListItem","position":1,"name":"Startseite","item":"https:\/\/mochlar-consulting.com\/de\/"},{"@type":"ListItem","position":2,"name":"Impressum"}]},{"@type":"WebSite","@id":"https:\/\/mochlar-consulting.com\/de\/#website","url":"https:\/\/mochlar-consulting.com\/de\/","name":"mochlar consulting","description":"","potentialAction":[{"@type":"SearchAction","target":{"@type":"EntryPoint","urlTemplate":"https:\/\/mochlar-consulting.com\/de\/?s={search_term_string}"},"query-input":{"@type":"PropertyValueSpecification","valueRequired":true,"valueName":"search_term_string"}}],"inLanguage":"de"}]}},"_links":{"self":[{"href":"https:\/\/mochlar-consulting.com\/de\/wp-json\/wp\/v2\/pages\/595","targetHints":{"allow":["GET"]}}],"collection":[{"href":"https:\/\/mochlar-consulting.com\/de\/wp-json\/wp\/v2\/pages"}],"about":[{"href":"https:\/\/mochlar-consulting.com\/de\/wp-json\/wp\/v2\/types\/page"}],"author":[{"embeddable":true,"href":"https:\/\/mochlar-consulting.com\/de\/wp-json\/wp\/v2\/users\/1"}],"replies":[{"embeddable":true,"href":"https:\/\/mochlar-consulting.com\/de\/wp-json\/wp\/v2\/comments?post=595"}],"version-history":[{"count":15,"href":"https:\/\/mochlar-consulting.com\/de\/wp-json\/wp\/v2\/pages\/595\/revisions"}],"predecessor-version":[{"id":921,"href":"https:\/\/mochlar-consulting.com\/de\/wp-json\/wp\/v2\/pages\/595\/revisions\/921"}],"wp:attachment":[{"href":"https:\/\/mochlar-consulting.com\/de\/wp-json\/wp\/v2\/media?parent=595"}],"curies":[{"name":"wp","href":"https:\/\/api.w.org\/{rel}","templated":true}]}}